{"id":1014,"date":"2017-06-06T13:19:59","date_gmt":"2017-06-06T16:19:59","guid":{"rendered":"https:\/\/www.translationsolutions.com.ar\/?page_id=1014\/"},"modified":"2017-06-09T03:57:56","modified_gmt":"2017-06-09T06:57:56","slug":"tercerizar-traduccion-espanol","status":"publish","type":"page","link":"https:\/\/www.translationsolutions.com.ar\/es\/tercerizar-traduccion-espanol\/","title":{"rendered":"Tercerizar la traducci\u00f3n de espa\u00f1ol"},"content":{"rendered":"<p>[vc_row][vc_column][block_title title=\u00bbTercerizar la traducci\u00f3n de espa\u00f1ol\u00bb][\/block_title][vc_column_text]Cada vez que terceriza sus traducciones de espa\u00f1ol a Translation Solutions S.A., su empresa quedar\u00e1 liberada de esta exigente misi\u00f3n. Por lo tanto, Translation Solutions S.A. llevar\u00e1 a cabo todas las tareas de un proyecto de traducci\u00f3n actuando como parte de su empresa sin ning\u00fan tipo de costos extra!<\/p>\n<p>Mientras Translation Solutions S.A. se especializa en la traducci\u00f3n de Ingl\u00e9s a Espa\u00f1ol y de Espa\u00f1ol al Ingl\u00e9s, tambi\u00e9n traducimos todos los idiomas al espa\u00f1ol y del espa\u00f1ol a cualquier idioma.<\/p>\n<p>Todos los documentos estar\u00e1n listos para publicar porque el equipo detr\u00e1s del servicio, formado por un gerente de cuenta y un gerente de proyecto, va a seguir el proceso completo de traducci\u00f3n, edici\u00f3n y revisi\u00f3n. Incluso podemos proporcionar edici\u00f3n electr\u00f3nica para que el documento traducido se vea exactamente igual al original.[\/vc_column_text][\/vc_column][\/vc_row][vc_row bg_color=\u00bb#43cb46&#8243; text_color=\u00bblight\u00bb top_padding=\u00bb35&#8243; bottom_padding=\u00bb35&#8243;][vc_column][textbar title=\u00bbSomos su mejor alternativa para sus necesidades de traducci\u00f3n\u00bb button_title=\u00bbCotizaci\u00f3n Sin Cargo\u00bb button_link=\u00bb\/es\/cotizacion-sin-cargo\/\u00bb icon=\u00bbmoon-arrow-right-5&#8243;][\/vc_column][\/vc_row][vc_row][vc_column][block_title title=\u00bb\u00bfPor qu\u00e9 tercerizar a Translation Solutions S.A. si usted es un usuario con necesidades de traducci\u00f3n de gran volumen?\u00bb][\/block_title][vc_column_text]Como comprador de grandes cantidades de traducciones, tendr\u00e1 acceso a servicios de traducci\u00f3n de la mejor calidad internacional, a los precios m\u00e1s competitivos del mercado. Le ofrecemos la m\u00e1s alta calidad traducciones de Espa\u00f1ol a los mejores precios del mercado &#8211; no hay competencia.\u00a0 Es importante construir confianza con los clientes de habla hispana mediante la comunicaci\u00f3n en perfecto espa\u00f1ol.[\/vc_column_text][\/vc_column][\/vc_row]<\/p>\n","protected":false},"excerpt":{"rendered":"<p>[vc_row][vc_column][block_title title=\u00bbTercerizar la traducci\u00f3n de espa\u00f1ol\u00bb][\/block_title][vc_column_text]Cada vez que terceriza sus traducciones de espa\u00f1ol a Translation Solutions S.A., su empresa quedar\u00e1 liberada de esta exigente misi\u00f3n. Por lo tanto, Translation Solutions S.A. llevar\u00e1 a cabo todas las tareas de un proyecto de traducci\u00f3n actuando como parte de su empresa sin ning\u00fan tipo de costos extra! Mientras [&hellip;]<\/p>\n","protected":false},"author":2,"featured_media":0,"parent":0,"menu_order":0,"comment_status":"closed","ping_status":"closed","template":"","meta":{"_monsterinsights_skip_tracking":false,"_monsterinsights_sitenote_active":false,"_monsterinsights_sitenote_note":"","_monsterinsights_sitenote_category":0,"jetpack_post_was_ever_published":false,"footnotes":""},"class_list":["post-1014","page","type-page","status-publish","hentry"],"yoast_head":"<!-- This site is optimized with the Yoast SEO plugin v22.2 - https:\/\/yoast.com\/wordpress\/plugins\/seo\/ -->\n<title>Tercerizar la traducci\u00f3n de espa\u00f1ol - Translation Solutions S.A.<\/title>\n<meta name=\"robots\" content=\"index, follow, max-snippet:-1, max-image-preview:large, max-video-preview:-1\" \/>\n<link rel=\"canonical\" href=\"https:\/\/www.translationsolutions.com.ar\/es\/tercerizar-traduccion-espanol\/\" \/>\n<meta property=\"og:locale\" content=\"es_ES\" \/>\n<meta property=\"og:type\" content=\"article\" \/>\n<meta property=\"og:title\" content=\"Tercerizar la traducci\u00f3n de espa\u00f1ol - Translation Solutions S.A.\" \/>\n<meta property=\"og:description\" content=\"[vc_row][vc_column][block_title title=\u00bbTercerizar la traducci\u00f3n de espa\u00f1ol\u00bb][\/block_title][vc_column_text]Cada vez que terceriza sus traducciones de espa\u00f1ol a Translation Solutions S.A., su empresa quedar\u00e1 liberada de esta exigente misi\u00f3n. Por lo tanto, Translation Solutions S.A. llevar\u00e1 a cabo todas las tareas de un proyecto de traducci\u00f3n actuando como parte de su empresa sin ning\u00fan tipo de costos extra! Mientras [&hellip;]\" \/>\n<meta property=\"og:url\" content=\"https:\/\/www.translationsolutions.com.ar\/es\/tercerizar-traduccion-espanol\/\" \/>\n<meta property=\"og:site_name\" content=\"Translation Solutions S.A.\" \/>\n<meta property=\"article:modified_time\" content=\"2017-06-09T06:57:56+00:00\" \/>\n<meta name=\"twitter:card\" content=\"summary_large_image\" \/>\n<meta name=\"twitter:label1\" content=\"Tiempo de lectura\" \/>\n\t<meta name=\"twitter:data1\" content=\"2 minutos\" \/>\n<script type=\"application\/ld+json\" class=\"yoast-schema-graph\">{\"@context\":\"https:\/\/schema.org\",\"@graph\":[{\"@type\":\"WebPage\",\"@id\":\"https:\/\/www.translationsolutions.com.ar\/es\/tercerizar-traduccion-espanol\/\",\"url\":\"https:\/\/www.translationsolutions.com.ar\/es\/tercerizar-traduccion-espanol\/\",\"name\":\"Tercerizar la traducci\u00f3n de espa\u00f1ol - Translation Solutions S.A.\",\"isPartOf\":{\"@id\":\"https:\/\/www.translationsolutions.com.ar\/es\/#website\"},\"datePublished\":\"2017-06-06T16:19:59+00:00\",\"dateModified\":\"2017-06-09T06:57:56+00:00\",\"breadcrumb\":{\"@id\":\"https:\/\/www.translationsolutions.com.ar\/es\/tercerizar-traduccion-espanol\/#breadcrumb\"},\"inLanguage\":\"es\",\"potentialAction\":[{\"@type\":\"ReadAction\",\"target\":[\"https:\/\/www.translationsolutions.com.ar\/es\/tercerizar-traduccion-espanol\/\"]}]},{\"@type\":\"BreadcrumbList\",\"@id\":\"https:\/\/www.translationsolutions.com.ar\/es\/tercerizar-traduccion-espanol\/#breadcrumb\",\"itemListElement\":[{\"@type\":\"ListItem\",\"position\":1,\"name\":\"Portada\",\"item\":\"https:\/\/www.translationsolutions.com.ar\/es\/\"},{\"@type\":\"ListItem\",\"position\":2,\"name\":\"Tercerizar la traducci\u00f3n de espa\u00f1ol\"}]},{\"@type\":\"WebSite\",\"@id\":\"https:\/\/www.translationsolutions.com.ar\/es\/#website\",\"url\":\"https:\/\/www.translationsolutions.com.ar\/es\/\",\"name\":\"Translation Solutions S.A.\",\"description\":\"\",\"potentialAction\":[{\"@type\":\"SearchAction\",\"target\":{\"@type\":\"EntryPoint\",\"urlTemplate\":\"https:\/\/www.translationsolutions.com.ar\/es\/?s={search_term_string}\"},\"query-input\":\"required name=search_term_string\"}],\"inLanguage\":\"es\"}]}<\/script>\n<!-- \/ Yoast SEO plugin. -->","yoast_head_json":{"title":"Tercerizar la traducci\u00f3n de espa\u00f1ol - Translation Solutions S.A.","robots":{"index":"index","follow":"follow","max-snippet":"max-snippet:-1","max-image-preview":"max-image-preview:large","max-video-preview":"max-video-preview:-1"},"canonical":"https:\/\/www.translationsolutions.com.ar\/es\/tercerizar-traduccion-espanol\/","og_locale":"es_ES","og_type":"article","og_title":"Tercerizar la traducci\u00f3n de espa\u00f1ol - Translation Solutions S.A.","og_description":"[vc_row][vc_column][block_title title=\u00bbTercerizar la traducci\u00f3n de espa\u00f1ol\u00bb][\/block_title][vc_column_text]Cada vez que terceriza sus traducciones de espa\u00f1ol a Translation Solutions S.A., su empresa quedar\u00e1 liberada de esta exigente misi\u00f3n. Por lo tanto, Translation Solutions S.A. llevar\u00e1 a cabo todas las tareas de un proyecto de traducci\u00f3n actuando como parte de su empresa sin ning\u00fan tipo de costos extra! Mientras [&hellip;]","og_url":"https:\/\/www.translationsolutions.com.ar\/es\/tercerizar-traduccion-espanol\/","og_site_name":"Translation Solutions S.A.","article_modified_time":"2017-06-09T06:57:56+00:00","twitter_card":"summary_large_image","twitter_misc":{"Tiempo de lectura":"2 minutos"},"schema":{"@context":"https:\/\/schema.org","@graph":[{"@type":"WebPage","@id":"https:\/\/www.translationsolutions.com.ar\/es\/tercerizar-traduccion-espanol\/","url":"https:\/\/www.translationsolutions.com.ar\/es\/tercerizar-traduccion-espanol\/","name":"Tercerizar la traducci\u00f3n de espa\u00f1ol - Translation Solutions S.A.","isPartOf":{"@id":"https:\/\/www.translationsolutions.com.ar\/es\/#website"},"datePublished":"2017-06-06T16:19:59+00:00","dateModified":"2017-06-09T06:57:56+00:00","breadcrumb":{"@id":"https:\/\/www.translationsolutions.com.ar\/es\/tercerizar-traduccion-espanol\/#breadcrumb"},"inLanguage":"es","potentialAction":[{"@type":"ReadAction","target":["https:\/\/www.translationsolutions.com.ar\/es\/tercerizar-traduccion-espanol\/"]}]},{"@type":"BreadcrumbList","@id":"https:\/\/www.translationsolutions.com.ar\/es\/tercerizar-traduccion-espanol\/#breadcrumb","itemListElement":[{"@type":"ListItem","position":1,"name":"Portada","item":"https:\/\/www.translationsolutions.com.ar\/es\/"},{"@type":"ListItem","position":2,"name":"Tercerizar la traducci\u00f3n de espa\u00f1ol"}]},{"@type":"WebSite","@id":"https:\/\/www.translationsolutions.com.ar\/es\/#website","url":"https:\/\/www.translationsolutions.com.ar\/es\/","name":"Translation Solutions S.A.","description":"","potentialAction":[{"@type":"SearchAction","target":{"@type":"EntryPoint","urlTemplate":"https:\/\/www.translationsolutions.com.ar\/es\/?s={search_term_string}"},"query-input":"required name=search_term_string"}],"inLanguage":"es"}]}},"jetpack_sharing_enabled":true,"jetpack_shortlink":"https:\/\/wp.me\/P8OuA5-gm","_links":{"self":[{"href":"https:\/\/www.translationsolutions.com.ar\/es\/wp-json\/wp\/v2\/pages\/1014","targetHints":{"allow":["GET"]}}],"collection":[{"href":"https:\/\/www.translationsolutions.com.ar\/es\/wp-json\/wp\/v2\/pages"}],"about":[{"href":"https:\/\/www.translationsolutions.com.ar\/es\/wp-json\/wp\/v2\/types\/page"}],"author":[{"embeddable":true,"href":"https:\/\/www.translationsolutions.com.ar\/es\/wp-json\/wp\/v2\/users\/2"}],"replies":[{"embeddable":true,"href":"https:\/\/www.translationsolutions.com.ar\/es\/wp-json\/wp\/v2\/comments?post=1014"}],"version-history":[{"count":0,"href":"https:\/\/www.translationsolutions.com.ar\/es\/wp-json\/wp\/v2\/pages\/1014\/revisions"}],"wp:attachment":[{"href":"https:\/\/www.translationsolutions.com.ar\/es\/wp-json\/wp\/v2\/media?parent=1014"}],"curies":[{"name":"wp","href":"https:\/\/api.w.org\/{rel}","templated":true}]}}