{"id":1016,"date":"2017-06-06T13:25:35","date_gmt":"2017-06-06T16:25:35","guid":{"rendered":"https:\/\/www.translationsolutions.com.ar\/?page_id=1016\/"},"modified":"2017-06-09T03:57:42","modified_gmt":"2017-06-09T06:57:42","slug":"proceso-traduccion-calidad","status":"publish","type":"page","link":"https:\/\/www.translationsolutions.com.ar\/es\/proceso-traduccion-calidad\/","title":{"rendered":"Proceso de traducci\u00f3n de calidad"},"content":{"rendered":"<p>[vc_row][vc_column][block_title title=\u00bbProceso de traducci\u00f3n de calidad\u00bb][\/block_title][vc_column_text]Translation Solutions S.A. sigue el conocido proceso est\u00e1ndar de la industria de traducci\u00f3n que consiste en tres etapas llevadas a cabo por diferentes especialistas de la lengua. Los pasos son traducci\u00f3n, edici\u00f3n y revisi\u00f3n (TEP en sus siglas en Ingl\u00e9s).<\/p>\n<p>La traducci\u00f3n es una tarea biling\u00fce donde todo el contenido debe ser traducido con precisi\u00f3n en el idioma de destino.<\/p>\n<p>La edici\u00f3n es una tarea biling\u00fce donde se realiza una prueba de control de calidad de la etapa anterior. Translation Solutions S.A. selecciona los mejores ling\u00fcistas para hacer este trabajo y aplica el modelo de calidad m\u00e1s usado en la industria (LISA) para ofrecer informaci\u00f3n objetiva y de calidad de la traducci\u00f3n.<\/p>\n<p>La revisi\u00f3n es una verificaci\u00f3n sobre el documento traducido donde se lee por completo el texto como si fu\u00e9ramos la audiencia final. \u00a0De esta manera, Translation Solutions S.A. garantiza que el mensaje se exprese de la manera m\u00e1s completa posible.[\/vc_column_text][\/vc_column][\/vc_row][vc_row type=\u00bbfull_width_background\u00bb bg_color=\u00bb#43cb46&#8243; text_color=\u00bblight\u00bb top_padding=\u00bb35&#8243; bottom_padding=\u00bb35&#8243; borders=\u00bb1&#8243;][vc_column][textbar title=\u00bbSomos su mejor alternativa para sus necesidades de traducci\u00f3n\u00bb button_title=\u00bbCotizaci\u00f3n Sin Cargo\u00bb button_link=\u00bb\/es\/cotizacion-sin-cargo\/\u00bb icon=\u00bbmoon-arrow-right-5&#8243;][\/vc_column][\/vc_row][vc_row][vc_column][block_title title=\u00bbTraducciones con garant\u00eda de calidad\u00bb][\/block_title][vc_column_text]Translation Solutions S.A. ha desarrollado una serie de listas de comprobaci\u00f3n para cada uno de los pasos del proceso de TEP. Cada traductor, editor y revisor que participe en el proceso debe completarlas antes de enviar el documento al siguiente paso.<\/p>\n<p>Al mismo tiempo, Translation Solutions S.A. es capaz de calificar a todos los recursos que trabajaron en cada proyecto. De esta manera, nuestro equipo mantiene un historial de rendimiento que indica la calidad del trabajo realizado, no s\u00f3lo en sus documentos sino en cada uno de los proyectos de Translation Solutions S.A.[\/vc_column_text][block_title title=\u00bbGesti\u00f3n de proyectos de traducci\u00f3n\u00bb][\/block_title][vc_column_text]Los proyectos son por definici\u00f3n \u00fanicos y Translation Solutions S.A. entiende que el papel del gerente de proyecto es un factor clave en la industria de la traducci\u00f3n. Los gerentes de proyectos se asegurar\u00e1n de que todas las expectativas de los clientes se cumplan con \u00e9xito.<\/p>\n<p>\u00c9l o ella es responsable de hacer un seguimiento cercano del proyecto, asignar los recursos adecuados, analizar la complejidad, definir y personalizar la mejor soluci\u00f3n, estimar la duraci\u00f3n del proyecto y convertirse en el punto de contacto para cualquier informaci\u00f3n sobre el proyecto.[\/vc_column_text][block_title title=\u00bbProcesos de traducci\u00f3n\u00bb][\/block_title][vc_column_text]El proceso para cualquier traducci\u00f3n se basa siempre en torno a un gerente de proyecto experto, que supervisa el proyecto de principio a fin.\u00a0 Estos gerentes de proyecto se mantienen en constante comunicaci\u00f3n con todos los traductores, editores y revisores que trabajan con nosotros en el proyecto.\u00a0 El gerente de proyecto tambi\u00e9n est\u00e1 disponible para discutir cualquier tema con el cliente, con el fin de asegurar que la traducci\u00f3n se entregue de acuerdo con todas las especificaciones.[\/vc_column_text][block_title title=\u00bbGerentes de cuenta\u00bb][\/block_title][vc_column_text]Nuestros gerentes de cuenta proporcionan a su empresa una extensa lista de opciones para trabajar con Translation Solutions S.A.\u00a0 Ellos entienden las capacidades de nuestra empresa de arriba a abajo y proporcionar\u00e1n, a cualquier cliente potencial, toda la informaci\u00f3n necesaria con respecto a la implementaci\u00f3n de nuestros recursos y necesidades de un cliente para ofrecer una traducci\u00f3n profesional en el plazo acordado.[\/vc_column_text][block_title title=\u00bbIdiomas\u00bb][\/block_title][vc_column_text]Translation Solutions S.A. considera firmemente en la necesidad de tener un hablante nativo del idioma del proyecto durante todo el proceso de traducci\u00f3n. Ofrecemos servicios de traducci\u00f3n del espa\u00f1ol a cualquier idioma y de cualquier idioma a espa\u00f1ol.\u00a0 La eficiencia y el producto final de alta calidad son las dos bases que siempre que trabajamos alrededor.<\/p>\n<p>Si bien nos especializamos en Ingl\u00e9s al espa\u00f1ol y Espa\u00f1ol a Ingl\u00e9s, traducimos de todos los idiomas al Espa\u00f1ol y del Espa\u00f1ol a cualquier idioma.[\/vc_column_text][\/vc_column][\/vc_row]<\/p>\n","protected":false},"excerpt":{"rendered":"<p>[vc_row][vc_column][block_title title=\u00bbProceso de traducci\u00f3n de calidad\u00bb][\/block_title][vc_column_text]Translation Solutions S.A. sigue el conocido proceso est\u00e1ndar de la industria de traducci\u00f3n que consiste en tres etapas llevadas a cabo por diferentes especialistas de la lengua. Los pasos son traducci\u00f3n, edici\u00f3n y revisi\u00f3n (TEP en sus siglas en Ingl\u00e9s). La traducci\u00f3n es una tarea biling\u00fce donde todo el contenido [&hellip;]<\/p>\n","protected":false},"author":2,"featured_media":0,"parent":0,"menu_order":0,"comment_status":"closed","ping_status":"closed","template":"","meta":{"_monsterinsights_skip_tracking":false,"_monsterinsights_sitenote_active":false,"_monsterinsights_sitenote_note":"","_monsterinsights_sitenote_category":0,"jetpack_post_was_ever_published":false,"footnotes":""},"class_list":["post-1016","page","type-page","status-publish","hentry"],"yoast_head":"<!-- This site is optimized with the Yoast SEO plugin v22.2 - https:\/\/yoast.com\/wordpress\/plugins\/seo\/ -->\n<title>Proceso de traducci\u00f3n de calidad - Translation Solutions S.A.<\/title>\n<meta name=\"robots\" content=\"index, follow, max-snippet:-1, max-image-preview:large, max-video-preview:-1\" \/>\n<link rel=\"canonical\" href=\"https:\/\/www.translationsolutions.com.ar\/es\/proceso-traduccion-calidad\/\" \/>\n<meta property=\"og:locale\" content=\"es_ES\" \/>\n<meta property=\"og:type\" content=\"article\" \/>\n<meta property=\"og:title\" content=\"Proceso de traducci\u00f3n de calidad - Translation Solutions S.A.\" \/>\n<meta property=\"og:description\" content=\"[vc_row][vc_column][block_title title=\u00bbProceso de traducci\u00f3n de calidad\u00bb][\/block_title][vc_column_text]Translation Solutions S.A. sigue el conocido proceso est\u00e1ndar de la industria de traducci\u00f3n que consiste en tres etapas llevadas a cabo por diferentes especialistas de la lengua. Los pasos son traducci\u00f3n, edici\u00f3n y revisi\u00f3n (TEP en sus siglas en Ingl\u00e9s). La traducci\u00f3n es una tarea biling\u00fce donde todo el contenido [&hellip;]\" \/>\n<meta property=\"og:url\" content=\"https:\/\/www.translationsolutions.com.ar\/es\/proceso-traduccion-calidad\/\" \/>\n<meta property=\"og:site_name\" content=\"Translation Solutions S.A.\" \/>\n<meta property=\"article:modified_time\" content=\"2017-06-09T06:57:42+00:00\" \/>\n<meta name=\"twitter:card\" content=\"summary_large_image\" \/>\n<meta name=\"twitter:label1\" content=\"Tiempo de lectura\" \/>\n\t<meta name=\"twitter:data1\" content=\"4 minutos\" \/>\n<script type=\"application\/ld+json\" class=\"yoast-schema-graph\">{\"@context\":\"https:\/\/schema.org\",\"@graph\":[{\"@type\":\"WebPage\",\"@id\":\"https:\/\/www.translationsolutions.com.ar\/es\/proceso-traduccion-calidad\/\",\"url\":\"https:\/\/www.translationsolutions.com.ar\/es\/proceso-traduccion-calidad\/\",\"name\":\"Proceso de traducci\u00f3n de calidad - Translation Solutions S.A.\",\"isPartOf\":{\"@id\":\"https:\/\/www.translationsolutions.com.ar\/es\/#website\"},\"datePublished\":\"2017-06-06T16:25:35+00:00\",\"dateModified\":\"2017-06-09T06:57:42+00:00\",\"breadcrumb\":{\"@id\":\"https:\/\/www.translationsolutions.com.ar\/es\/proceso-traduccion-calidad\/#breadcrumb\"},\"inLanguage\":\"es\",\"potentialAction\":[{\"@type\":\"ReadAction\",\"target\":[\"https:\/\/www.translationsolutions.com.ar\/es\/proceso-traduccion-calidad\/\"]}]},{\"@type\":\"BreadcrumbList\",\"@id\":\"https:\/\/www.translationsolutions.com.ar\/es\/proceso-traduccion-calidad\/#breadcrumb\",\"itemListElement\":[{\"@type\":\"ListItem\",\"position\":1,\"name\":\"Portada\",\"item\":\"https:\/\/www.translationsolutions.com.ar\/es\/\"},{\"@type\":\"ListItem\",\"position\":2,\"name\":\"Proceso de traducci\u00f3n de calidad\"}]},{\"@type\":\"WebSite\",\"@id\":\"https:\/\/www.translationsolutions.com.ar\/es\/#website\",\"url\":\"https:\/\/www.translationsolutions.com.ar\/es\/\",\"name\":\"Translation Solutions S.A.\",\"description\":\"\",\"potentialAction\":[{\"@type\":\"SearchAction\",\"target\":{\"@type\":\"EntryPoint\",\"urlTemplate\":\"https:\/\/www.translationsolutions.com.ar\/es\/?s={search_term_string}\"},\"query-input\":\"required name=search_term_string\"}],\"inLanguage\":\"es\"}]}<\/script>\n<!-- \/ Yoast SEO plugin. -->","yoast_head_json":{"title":"Proceso de traducci\u00f3n de calidad - Translation Solutions S.A.","robots":{"index":"index","follow":"follow","max-snippet":"max-snippet:-1","max-image-preview":"max-image-preview:large","max-video-preview":"max-video-preview:-1"},"canonical":"https:\/\/www.translationsolutions.com.ar\/es\/proceso-traduccion-calidad\/","og_locale":"es_ES","og_type":"article","og_title":"Proceso de traducci\u00f3n de calidad - Translation Solutions S.A.","og_description":"[vc_row][vc_column][block_title title=\u00bbProceso de traducci\u00f3n de calidad\u00bb][\/block_title][vc_column_text]Translation Solutions S.A. sigue el conocido proceso est\u00e1ndar de la industria de traducci\u00f3n que consiste en tres etapas llevadas a cabo por diferentes especialistas de la lengua. Los pasos son traducci\u00f3n, edici\u00f3n y revisi\u00f3n (TEP en sus siglas en Ingl\u00e9s). La traducci\u00f3n es una tarea biling\u00fce donde todo el contenido [&hellip;]","og_url":"https:\/\/www.translationsolutions.com.ar\/es\/proceso-traduccion-calidad\/","og_site_name":"Translation Solutions S.A.","article_modified_time":"2017-06-09T06:57:42+00:00","twitter_card":"summary_large_image","twitter_misc":{"Tiempo de lectura":"4 minutos"},"schema":{"@context":"https:\/\/schema.org","@graph":[{"@type":"WebPage","@id":"https:\/\/www.translationsolutions.com.ar\/es\/proceso-traduccion-calidad\/","url":"https:\/\/www.translationsolutions.com.ar\/es\/proceso-traduccion-calidad\/","name":"Proceso de traducci\u00f3n de calidad - Translation Solutions S.A.","isPartOf":{"@id":"https:\/\/www.translationsolutions.com.ar\/es\/#website"},"datePublished":"2017-06-06T16:25:35+00:00","dateModified":"2017-06-09T06:57:42+00:00","breadcrumb":{"@id":"https:\/\/www.translationsolutions.com.ar\/es\/proceso-traduccion-calidad\/#breadcrumb"},"inLanguage":"es","potentialAction":[{"@type":"ReadAction","target":["https:\/\/www.translationsolutions.com.ar\/es\/proceso-traduccion-calidad\/"]}]},{"@type":"BreadcrumbList","@id":"https:\/\/www.translationsolutions.com.ar\/es\/proceso-traduccion-calidad\/#breadcrumb","itemListElement":[{"@type":"ListItem","position":1,"name":"Portada","item":"https:\/\/www.translationsolutions.com.ar\/es\/"},{"@type":"ListItem","position":2,"name":"Proceso de traducci\u00f3n de calidad"}]},{"@type":"WebSite","@id":"https:\/\/www.translationsolutions.com.ar\/es\/#website","url":"https:\/\/www.translationsolutions.com.ar\/es\/","name":"Translation Solutions S.A.","description":"","potentialAction":[{"@type":"SearchAction","target":{"@type":"EntryPoint","urlTemplate":"https:\/\/www.translationsolutions.com.ar\/es\/?s={search_term_string}"},"query-input":"required name=search_term_string"}],"inLanguage":"es"}]}},"jetpack_sharing_enabled":true,"jetpack_shortlink":"https:\/\/wp.me\/P8OuA5-go","_links":{"self":[{"href":"https:\/\/www.translationsolutions.com.ar\/es\/wp-json\/wp\/v2\/pages\/1016","targetHints":{"allow":["GET"]}}],"collection":[{"href":"https:\/\/www.translationsolutions.com.ar\/es\/wp-json\/wp\/v2\/pages"}],"about":[{"href":"https:\/\/www.translationsolutions.com.ar\/es\/wp-json\/wp\/v2\/types\/page"}],"author":[{"embeddable":true,"href":"https:\/\/www.translationsolutions.com.ar\/es\/wp-json\/wp\/v2\/users\/2"}],"replies":[{"embeddable":true,"href":"https:\/\/www.translationsolutions.com.ar\/es\/wp-json\/wp\/v2\/comments?post=1016"}],"version-history":[{"count":0,"href":"https:\/\/www.translationsolutions.com.ar\/es\/wp-json\/wp\/v2\/pages\/1016\/revisions"}],"wp:attachment":[{"href":"https:\/\/www.translationsolutions.com.ar\/es\/wp-json\/wp\/v2\/media?parent=1016"}],"curies":[{"name":"wp","href":"https:\/\/api.w.org\/{rel}","templated":true}]}}