{"id":1022,"date":"2017-06-06T13:40:18","date_gmt":"2017-06-06T16:40:18","guid":{"rendered":"https:\/\/www.translationsolutions.com.ar\/?page_id=1022\/"},"modified":"2017-06-09T03:58:03","modified_gmt":"2017-06-09T06:58:03","slug":"translation-solutions-sa","status":"publish","type":"page","link":"https:\/\/www.translationsolutions.com.ar\/es\/translation-solutions-sa\/","title":{"rendered":"Translation Solutions S.A."},"content":{"rendered":"<p>[vc_row][vc_column][block_title title=\u00bbTranslation Solutions S.A.\u00bb][\/block_title][vc_column_text]Translation Solutions S.A. puede anticipar f\u00e1cilmente cualquier problema que un proyecto de traducci\u00f3n pueda enfrentar e identificar de inmediato una soluci\u00f3n.\u00a0 Nos enorgullecemos de abordar los problemas y responder a las necesidades.\u00a0 No hay problema de traducci\u00f3n que sea demasiado dif\u00edcil o complicado, la soluci\u00f3n siempre est\u00e1 disponible a trav\u00e9s de nuestra experiencia y dedicaci\u00f3n.<\/p>\n<p>Translation Solutions S.A. le ofrece una soluci\u00f3n completa para todas sus necesidades de traducci\u00f3n de espa\u00f1ol.<\/p>\n<p>Todos los proyectos tendr\u00e1n una gerente de cuenta y un director de proyectos dedicado.\u00a0 Cada proyecto pasar\u00e1 a trav\u00e9s de nuestro proceso completo de traducci\u00f3n, que incluye traducci\u00f3n, edici\u00f3n y revisi\u00f3n. Podemos gestionar cualquier software o herramienta de edici\u00f3n electr\u00f3nica que pueda necesitar.<\/p>\n<p>Nuestros equipos de traducci\u00f3n de espa\u00f1ol est\u00e1n compuestos por traductores especializados, altamente calificados y con a\u00f1os de experiencia en todas las industrias.<\/p>\n<p>Translation Solutions S.A. cuenta con expertos en selecci\u00f3n de traductores para cada industria y tipo de contenido.\u00a0 Nuestro proceso de reclutamiento cuenta de miles de horas de pruebas y calificaci\u00f3n de los mejores traductores de espa\u00f1ol en el mundo para asegurar que usted o su cliente quede satisfecho con el producto final. Como somos la \u201cfuente\u201d de la traducci\u00f3n de espa\u00f1ol, proveemos la mejor y m\u00e1s econ\u00f3mica soluci\u00f3n, permiti\u00e9ndole ofrecer a sus clientes traducciones de espa\u00f1ol de alta calidad al mejor precio.<\/p>\n<p>Somos proveedores de algunas de las 20 empresas de traducci\u00f3n m\u00e1s importantes del mundo.\u00a0 Ellos conf\u00edan en nosotros para ayudarles a resolver todas las necesidades de traducci\u00f3n de espa\u00f1ol de sus clientes. Muchos proveedores no toman su trabajo con la misma seriedad como usted toma el de sus clientes; Translation Solutions S.A. lo hace.[\/vc_column_text][\/vc_column][\/vc_row][vc_row type=\u00bbfull_width_background\u00bb bg_color=\u00bb#43cb46&#8243; text_color=\u00bblight\u00bb top_padding=\u00bb35&#8243; bottom_padding=\u00bb35&#8243; borders=\u00bb1&#8243;][vc_column][textbar title=\u00bbSomos su mejor alternativa para sus necesidades de traducci\u00f3n\u00bb button_title=\u00bbCotizaci\u00f3n Sin Cargo\u00bb button_link=\u00bb\/es\/cotizacion-sin-cargo\/\u00bb icon=\u00bbmoon-arrow-right-5&#8243;][\/vc_column][\/vc_row][vc_row][vc_column][block_title title=\u00bbNuestros servicios\u00bb][\/block_title][vc_column_text]Debido a la variedad y calidad de los recursos disponibles a nuestro alcance, los proyectos de traducci\u00f3n pueden ser examinados cuidadosamente antes de comenzar el trabajo y por lo tanto ejecutarlo en forma eficiente. Translation Solutions S.A. inmediatamente abordar\u00e1 cualquier complicaci\u00f3n que surja durante el proceso y crear\u00e1 una soluci\u00f3n, sin impactar en la fecha l\u00edmite.[\/vc_column_text][block_title title=\u00bbPersonalizaci\u00f3n de proyectos\u00bb][\/block_title][vc_column_text]Usando esta filosof\u00eda, Translation Solutions S.A. puede adaptar sus recursos de traducci\u00f3n a cualquier necesidad o petici\u00f3n particular. Los proyectos de traducci\u00f3n pueden tomar diferentes formas y Translation Solutions S.A. cuenta con los conocimientos necesarios y las herramientas para satisfacer las necesidades y exceder ampliamente las expectativas.[\/vc_column_text][\/vc_column][\/vc_row]<\/p>\n","protected":false},"excerpt":{"rendered":"<p>[vc_row][vc_column][block_title title=\u00bbTranslation Solutions S.A.\u00bb][\/block_title][vc_column_text]Translation Solutions S.A. puede anticipar f\u00e1cilmente cualquier problema que un proyecto de traducci\u00f3n pueda enfrentar e identificar de inmediato una soluci\u00f3n.\u00a0 Nos enorgullecemos de abordar los problemas y responder a las necesidades.\u00a0 No hay problema de traducci\u00f3n que sea demasiado dif\u00edcil o complicado, la soluci\u00f3n siempre est\u00e1 disponible a trav\u00e9s de nuestra [&hellip;]<\/p>\n","protected":false},"author":2,"featured_media":0,"parent":0,"menu_order":0,"comment_status":"closed","ping_status":"closed","template":"","meta":{"_monsterinsights_skip_tracking":false,"_monsterinsights_sitenote_active":false,"_monsterinsights_sitenote_note":"","_monsterinsights_sitenote_category":0,"jetpack_post_was_ever_published":false,"footnotes":""},"class_list":["post-1022","page","type-page","status-publish","hentry"],"yoast_head":"<!-- This site is optimized with the Yoast SEO plugin v22.2 - https:\/\/yoast.com\/wordpress\/plugins\/seo\/ -->\n<title>Translation Solutions S.A. - Translation Solutions S.A.<\/title>\n<meta name=\"robots\" content=\"index, follow, max-snippet:-1, max-image-preview:large, max-video-preview:-1\" \/>\n<link rel=\"canonical\" href=\"https:\/\/www.translationsolutions.com.ar\/es\/translation-solutions-sa\/\" \/>\n<meta property=\"og:locale\" content=\"es_ES\" \/>\n<meta property=\"og:type\" content=\"article\" \/>\n<meta property=\"og:title\" content=\"Translation Solutions S.A. - Translation Solutions S.A.\" \/>\n<meta property=\"og:description\" content=\"[vc_row][vc_column][block_title title=\u00bbTranslation Solutions S.A.\u00bb][\/block_title][vc_column_text]Translation Solutions S.A. puede anticipar f\u00e1cilmente cualquier problema que un proyecto de traducci\u00f3n pueda enfrentar e identificar de inmediato una soluci\u00f3n.\u00a0 Nos enorgullecemos de abordar los problemas y responder a las necesidades.\u00a0 No hay problema de traducci\u00f3n que sea demasiado dif\u00edcil o complicado, la soluci\u00f3n siempre est\u00e1 disponible a trav\u00e9s de nuestra [&hellip;]\" \/>\n<meta property=\"og:url\" content=\"https:\/\/www.translationsolutions.com.ar\/es\/translation-solutions-sa\/\" \/>\n<meta property=\"og:site_name\" content=\"Translation Solutions S.A.\" \/>\n<meta property=\"article:modified_time\" content=\"2017-06-09T06:58:03+00:00\" \/>\n<meta name=\"twitter:card\" content=\"summary_large_image\" \/>\n<meta name=\"twitter:label1\" content=\"Tiempo de lectura\" \/>\n\t<meta name=\"twitter:data1\" content=\"3 minutos\" \/>\n<script type=\"application\/ld+json\" class=\"yoast-schema-graph\">{\"@context\":\"https:\/\/schema.org\",\"@graph\":[{\"@type\":\"WebPage\",\"@id\":\"https:\/\/www.translationsolutions.com.ar\/es\/translation-solutions-sa\/\",\"url\":\"https:\/\/www.translationsolutions.com.ar\/es\/translation-solutions-sa\/\",\"name\":\"Translation Solutions S.A. - Translation Solutions S.A.\",\"isPartOf\":{\"@id\":\"https:\/\/www.translationsolutions.com.ar\/es\/#website\"},\"datePublished\":\"2017-06-06T16:40:18+00:00\",\"dateModified\":\"2017-06-09T06:58:03+00:00\",\"breadcrumb\":{\"@id\":\"https:\/\/www.translationsolutions.com.ar\/es\/translation-solutions-sa\/#breadcrumb\"},\"inLanguage\":\"es\",\"potentialAction\":[{\"@type\":\"ReadAction\",\"target\":[\"https:\/\/www.translationsolutions.com.ar\/es\/translation-solutions-sa\/\"]}]},{\"@type\":\"BreadcrumbList\",\"@id\":\"https:\/\/www.translationsolutions.com.ar\/es\/translation-solutions-sa\/#breadcrumb\",\"itemListElement\":[{\"@type\":\"ListItem\",\"position\":1,\"name\":\"Portada\",\"item\":\"https:\/\/www.translationsolutions.com.ar\/es\/\"},{\"@type\":\"ListItem\",\"position\":2,\"name\":\"Translation Solutions S.A.\"}]},{\"@type\":\"WebSite\",\"@id\":\"https:\/\/www.translationsolutions.com.ar\/es\/#website\",\"url\":\"https:\/\/www.translationsolutions.com.ar\/es\/\",\"name\":\"Translation Solutions S.A.\",\"description\":\"\",\"potentialAction\":[{\"@type\":\"SearchAction\",\"target\":{\"@type\":\"EntryPoint\",\"urlTemplate\":\"https:\/\/www.translationsolutions.com.ar\/es\/?s={search_term_string}\"},\"query-input\":\"required name=search_term_string\"}],\"inLanguage\":\"es\"}]}<\/script>\n<!-- \/ Yoast SEO plugin. -->","yoast_head_json":{"title":"Translation Solutions S.A. - Translation Solutions S.A.","robots":{"index":"index","follow":"follow","max-snippet":"max-snippet:-1","max-image-preview":"max-image-preview:large","max-video-preview":"max-video-preview:-1"},"canonical":"https:\/\/www.translationsolutions.com.ar\/es\/translation-solutions-sa\/","og_locale":"es_ES","og_type":"article","og_title":"Translation Solutions S.A. - Translation Solutions S.A.","og_description":"[vc_row][vc_column][block_title title=\u00bbTranslation Solutions S.A.\u00bb][\/block_title][vc_column_text]Translation Solutions S.A. puede anticipar f\u00e1cilmente cualquier problema que un proyecto de traducci\u00f3n pueda enfrentar e identificar de inmediato una soluci\u00f3n.\u00a0 Nos enorgullecemos de abordar los problemas y responder a las necesidades.\u00a0 No hay problema de traducci\u00f3n que sea demasiado dif\u00edcil o complicado, la soluci\u00f3n siempre est\u00e1 disponible a trav\u00e9s de nuestra [&hellip;]","og_url":"https:\/\/www.translationsolutions.com.ar\/es\/translation-solutions-sa\/","og_site_name":"Translation Solutions S.A.","article_modified_time":"2017-06-09T06:58:03+00:00","twitter_card":"summary_large_image","twitter_misc":{"Tiempo de lectura":"3 minutos"},"schema":{"@context":"https:\/\/schema.org","@graph":[{"@type":"WebPage","@id":"https:\/\/www.translationsolutions.com.ar\/es\/translation-solutions-sa\/","url":"https:\/\/www.translationsolutions.com.ar\/es\/translation-solutions-sa\/","name":"Translation Solutions S.A. - Translation Solutions S.A.","isPartOf":{"@id":"https:\/\/www.translationsolutions.com.ar\/es\/#website"},"datePublished":"2017-06-06T16:40:18+00:00","dateModified":"2017-06-09T06:58:03+00:00","breadcrumb":{"@id":"https:\/\/www.translationsolutions.com.ar\/es\/translation-solutions-sa\/#breadcrumb"},"inLanguage":"es","potentialAction":[{"@type":"ReadAction","target":["https:\/\/www.translationsolutions.com.ar\/es\/translation-solutions-sa\/"]}]},{"@type":"BreadcrumbList","@id":"https:\/\/www.translationsolutions.com.ar\/es\/translation-solutions-sa\/#breadcrumb","itemListElement":[{"@type":"ListItem","position":1,"name":"Portada","item":"https:\/\/www.translationsolutions.com.ar\/es\/"},{"@type":"ListItem","position":2,"name":"Translation Solutions S.A."}]},{"@type":"WebSite","@id":"https:\/\/www.translationsolutions.com.ar\/es\/#website","url":"https:\/\/www.translationsolutions.com.ar\/es\/","name":"Translation Solutions S.A.","description":"","potentialAction":[{"@type":"SearchAction","target":{"@type":"EntryPoint","urlTemplate":"https:\/\/www.translationsolutions.com.ar\/es\/?s={search_term_string}"},"query-input":"required name=search_term_string"}],"inLanguage":"es"}]}},"jetpack_sharing_enabled":true,"jetpack_shortlink":"https:\/\/wp.me\/P8OuA5-gu","_links":{"self":[{"href":"https:\/\/www.translationsolutions.com.ar\/es\/wp-json\/wp\/v2\/pages\/1022","targetHints":{"allow":["GET"]}}],"collection":[{"href":"https:\/\/www.translationsolutions.com.ar\/es\/wp-json\/wp\/v2\/pages"}],"about":[{"href":"https:\/\/www.translationsolutions.com.ar\/es\/wp-json\/wp\/v2\/types\/page"}],"author":[{"embeddable":true,"href":"https:\/\/www.translationsolutions.com.ar\/es\/wp-json\/wp\/v2\/users\/2"}],"replies":[{"embeddable":true,"href":"https:\/\/www.translationsolutions.com.ar\/es\/wp-json\/wp\/v2\/comments?post=1022"}],"version-history":[{"count":0,"href":"https:\/\/www.translationsolutions.com.ar\/es\/wp-json\/wp\/v2\/pages\/1022\/revisions"}],"wp:attachment":[{"href":"https:\/\/www.translationsolutions.com.ar\/es\/wp-json\/wp\/v2\/media?parent=1022"}],"curies":[{"name":"wp","href":"https:\/\/api.w.org\/{rel}","templated":true}]}}