{"id":693,"date":"2014-08-20T14:36:33","date_gmt":"2014-08-20T14:36:33","guid":{"rendered":"http:\/\/104.131.255.213\/specular\/business\/?page_id=693"},"modified":"2017-06-09T03:56:41","modified_gmt":"2017-06-09T06:56:41","slug":"servicios-de-traduccion","status":"publish","type":"page","link":"https:\/\/www.translationsolutions.com.ar\/es\/servicios-de-traduccion\/","title":{"rendered":"Servicios de Traducci\u00f3n"},"content":{"rendered":"<p>[vc_row][vc_column][block_title title=\u00bbServicios de Traducci\u00f3n\u00bb][\/block_title][vc_column_text]Translation Solutions S.A. ofrece una amplia gama de servicios que su empresa pueda necesitar al solicitar un trabajo de traducci\u00f3n. Translation Solutions S.A. se ha ocupado de las siguientes \u00e1reas de servicios: Lenguaje, edici\u00f3n electr\u00f3nica y multimedia.<\/p>\n<p>Translation Solutions S.A. invierte su energ\u00eda y recursos en el desarrollo de un centro de producci\u00f3n que es l\u00edder en servicios integrales de traducci\u00f3n de calidad para la regi\u00f3n. Translation Solutions S.A. se preocupa por su equipo. Este equipo se ha construido con experiencia en la industria y est\u00e1 compuesto por profesionales que se ubican en los niveles superiores de experiencia, conocimiento, resoluci\u00f3n de problemas, perfeccionamiento del trabajo y comprensi\u00f3n de los clientes.[\/vc_column_text][vc_text_separator title=\u00bb\u00bb][\/vc_column][\/vc_row][vc_row][vc_column width=\u00bb1\/4&#8243;][services_medium title=\u00bbTraducci\u00f3n\u00bb icon=\u00bbmoon-pencil-3&#8243; circle_color=\u00bb#f6f6f6&#8243;]Nuestros equipos de traducci\u00f3n de espa\u00f1ol est\u00e1n compuestos por traductores especializados, altamente calificados y con a\u00f1os de experiencia en todas las industrias.[\/services_medium][\/vc_column][vc_column width=\u00bb1\/4&#8243;][services_medium title=\u00bbInterpretaciones\u00bb icon=\u00bbmoon-users-3&#8243; circle_color=\u00bb#f6f6f6&#8243;]Contamos con la \u00faltima tecnolog\u00eda y un centro especializado lo que nos permite obtener los mejores y m\u00e1s calificados interpreters disponibles.[\/services_medium][\/vc_column][vc_column width=\u00bb1\/4&#8243;][services_medium title=\u00bbTranscripci\u00f3n\u00bb icon=\u00bbsteadysets-icon-microphone\u00bb circle_color=\u00bb\u00bb]Contamos con recursos certificados a demanda que pueden ofrecer transcripciones de cualquier tipo y complejidad,\u00a0al mejor precio del mercado.[\/services_medium][\/vc_column][vc_column width=\u00bb1\/4&#8243;][services_medium title=\u00bbEdici\u00f3n Electr\u00f3nica\u00bb icon=\u00bbmoon-lightning\u00bb circle_color=\u00bb#f6f6f6&#8243;]Nuestro equipo de dise\u00f1adores est\u00e1 capacitado para reproducir el formato del documento a varios idiomas con las adaptaciones t\u00e9cnicas y culturales necesarias.[\/services_medium][\/vc_column][\/vc_row][vc_row][vc_column][block_title title=\u00bbServicios ling\u00fc\u00edsticos\u00bb][\/block_title][vc_column_text]Translation Solutions S.A. cubre la gama completa de servicios relacionados con el \u00e1rea del lenguaje con los recursos ling\u00fc\u00edsticos m\u00e1s calificados.<\/p>\n<ul>\n<li>Traducci\u00f3n<\/li>\n<li>Traducci\u00f3n inversa<\/li>\n<li>Edici\u00f3n<\/li>\n<li>Revisi\u00f3n<\/li>\n<li>Interpretaci\u00f3n<\/li>\n<li>Transcripci\u00f3n<\/li>\n<li>Escritura creativa<\/li>\n<li>Creaci\u00f3n de glosarios terminol\u00f3gicos<\/li>\n<\/ul>\n<p>[\/vc_column_text][\/vc_column][\/vc_row][vc_row type=\u00bbfull_width_background\u00bb bg_color=\u00bb#43cb46&#8243; text_color=\u00bblight\u00bb top_padding=\u00bb35&#8243; bottom_padding=\u00bb35&#8243; borders=\u00bb1&#8243;][vc_column][textbar title=\u00bbSomos su mejor alternativa para sus necesidades de traducci\u00f3n\u00bb button_title=\u00bbCotizaci\u00f3n Sin Cargo\u00bb button_link=\u00bb\/es\/cotizacion-sin-cargo\/\u00bb icon=\u00bbmoon-arrow-right-5&#8243;][\/vc_column][\/vc_row][vc_row][vc_column][block_title title=\u00bbServicios de edici\u00f3n electr\u00f3nica\u00bb][\/block_title][vc_column_text]El objetivo de la edici\u00f3n electr\u00f3nica es reproducir en los proyectos de localizaci\u00f3n de Translation Solutions S.A el formato del documento a varios idiomas con las adaptaciones t\u00e9cnicas y culturales necesarias.<\/p>\n<p>Translation Solutions S.A. define las diferencias entre el dise\u00f1o gr\u00e1fico y edici\u00f3n electr\u00f3nica:<\/p>\n<p>El dise\u00f1o gr\u00e1fico es el proceso y el arte de combinar texto y gr\u00e1ficos para comunicar un mensaje eficaz en el dise\u00f1o de logotipos, gr\u00e1ficos, folletos, boletines, carteles, letreros, y cualquier otro tipo de comunicaci\u00f3n visual.<\/p>\n<p>El edici\u00f3n electr\u00f3nica es un proceso donde se utilizan equipos y software espec\u00edficos para combinar texto y gr\u00e1ficos con el fin de producir documentos tales como boletines de noticias, folletos, libros, etc.<\/p>\n<p>Translation Solutions S.A. ofrece estos dos servicios y su empresa puede solicitar las siguientes tareas:<\/p>\n<ul>\n<li>Preparaci\u00f3n de documentos para su traducci\u00f3n<\/li>\n<li>Ajuste de formato y disposici\u00f3n de la p\u00e1gina<\/li>\n<li>Formato del documento final<\/li>\n<li>Servicios multimedia<\/li>\n<\/ul>\n<p>Ofrecemos todas las soluciones multimedia: Doblaje, sincronizaci\u00f3n labial, voz en off, subtitulado, subtitulado oculto (Closed Captioning) y transcripciones. Translation Solutions S.A. entiende que la tecnolog\u00eda avanza m\u00e1s r\u00e1pido de lo que se puede predecir, podemos ofrecer servicios de traducci\u00f3n para proyectos que incorporan cualquier programa o avance.\u00a0 Nuestro equipo cuenta con las herramientas y conocimientos necesarios para trabajar con los medios de transmisi\u00f3n online, productos interactivos, o cualquier otro producto.[\/vc_column_text][\/vc_column][\/vc_row]<\/p>\n","protected":false},"excerpt":{"rendered":"<p>[vc_row][vc_column][block_title title=\u00bbServicios de Traducci\u00f3n\u00bb][\/block_title][vc_column_text]Translation Solutions S.A. ofrece una amplia gama de servicios que su empresa pueda necesitar al solicitar un trabajo de traducci\u00f3n. Translation Solutions S.A. se ha ocupado de las siguientes \u00e1reas de servicios: Lenguaje, edici\u00f3n electr\u00f3nica y multimedia. Translation Solutions S.A. invierte su energ\u00eda y recursos en el desarrollo de un centro de [&hellip;]<\/p>\n","protected":false},"author":2,"featured_media":0,"parent":0,"menu_order":0,"comment_status":"closed","ping_status":"closed","template":"","meta":{"_monsterinsights_skip_tracking":false,"_monsterinsights_sitenote_active":false,"_monsterinsights_sitenote_note":"","_monsterinsights_sitenote_category":0,"jetpack_post_was_ever_published":false,"footnotes":""},"class_list":["post-693","page","type-page","status-publish","hentry"],"yoast_head":"<!-- This site is optimized with the Yoast SEO plugin v22.2 - https:\/\/yoast.com\/wordpress\/plugins\/seo\/ -->\n<title>Servicios de Traducci\u00f3n - Translation Solutions S.A.<\/title>\n<meta name=\"robots\" content=\"index, follow, max-snippet:-1, max-image-preview:large, max-video-preview:-1\" \/>\n<link rel=\"canonical\" href=\"https:\/\/www.translationsolutions.com.ar\/es\/servicios-de-traduccion\/\" \/>\n<meta property=\"og:locale\" content=\"es_ES\" \/>\n<meta property=\"og:type\" content=\"article\" \/>\n<meta property=\"og:title\" content=\"Servicios de Traducci\u00f3n - Translation Solutions S.A.\" \/>\n<meta property=\"og:description\" content=\"[vc_row][vc_column][block_title title=\u00bbServicios de Traducci\u00f3n\u00bb][\/block_title][vc_column_text]Translation Solutions S.A. ofrece una amplia gama de servicios que su empresa pueda necesitar al solicitar un trabajo de traducci\u00f3n. Translation Solutions S.A. se ha ocupado de las siguientes \u00e1reas de servicios: Lenguaje, edici\u00f3n electr\u00f3nica y multimedia. Translation Solutions S.A. invierte su energ\u00eda y recursos en el desarrollo de un centro de [&hellip;]\" \/>\n<meta property=\"og:url\" content=\"https:\/\/www.translationsolutions.com.ar\/es\/servicios-de-traduccion\/\" \/>\n<meta property=\"og:site_name\" content=\"Translation Solutions S.A.\" \/>\n<meta property=\"article:modified_time\" content=\"2017-06-09T06:56:41+00:00\" \/>\n<meta name=\"twitter:card\" content=\"summary_large_image\" \/>\n<meta name=\"twitter:label1\" content=\"Tiempo de lectura\" \/>\n\t<meta name=\"twitter:data1\" content=\"4 minutos\" \/>\n<script type=\"application\/ld+json\" class=\"yoast-schema-graph\">{\"@context\":\"https:\/\/schema.org\",\"@graph\":[{\"@type\":\"WebPage\",\"@id\":\"https:\/\/www.translationsolutions.com.ar\/es\/servicios-de-traduccion\/\",\"url\":\"https:\/\/www.translationsolutions.com.ar\/es\/servicios-de-traduccion\/\",\"name\":\"Servicios de Traducci\u00f3n - Translation Solutions S.A.\",\"isPartOf\":{\"@id\":\"https:\/\/www.translationsolutions.com.ar\/es\/#website\"},\"datePublished\":\"2014-08-20T14:36:33+00:00\",\"dateModified\":\"2017-06-09T06:56:41+00:00\",\"breadcrumb\":{\"@id\":\"https:\/\/www.translationsolutions.com.ar\/es\/servicios-de-traduccion\/#breadcrumb\"},\"inLanguage\":\"es\",\"potentialAction\":[{\"@type\":\"ReadAction\",\"target\":[\"https:\/\/www.translationsolutions.com.ar\/es\/servicios-de-traduccion\/\"]}]},{\"@type\":\"BreadcrumbList\",\"@id\":\"https:\/\/www.translationsolutions.com.ar\/es\/servicios-de-traduccion\/#breadcrumb\",\"itemListElement\":[{\"@type\":\"ListItem\",\"position\":1,\"name\":\"Portada\",\"item\":\"https:\/\/www.translationsolutions.com.ar\/es\/\"},{\"@type\":\"ListItem\",\"position\":2,\"name\":\"Servicios de Traducci\u00f3n\"}]},{\"@type\":\"WebSite\",\"@id\":\"https:\/\/www.translationsolutions.com.ar\/es\/#website\",\"url\":\"https:\/\/www.translationsolutions.com.ar\/es\/\",\"name\":\"Translation Solutions S.A.\",\"description\":\"\",\"potentialAction\":[{\"@type\":\"SearchAction\",\"target\":{\"@type\":\"EntryPoint\",\"urlTemplate\":\"https:\/\/www.translationsolutions.com.ar\/es\/?s={search_term_string}\"},\"query-input\":\"required name=search_term_string\"}],\"inLanguage\":\"es\"}]}<\/script>\n<!-- \/ Yoast SEO plugin. -->","yoast_head_json":{"title":"Servicios de Traducci\u00f3n - Translation Solutions S.A.","robots":{"index":"index","follow":"follow","max-snippet":"max-snippet:-1","max-image-preview":"max-image-preview:large","max-video-preview":"max-video-preview:-1"},"canonical":"https:\/\/www.translationsolutions.com.ar\/es\/servicios-de-traduccion\/","og_locale":"es_ES","og_type":"article","og_title":"Servicios de Traducci\u00f3n - Translation Solutions S.A.","og_description":"[vc_row][vc_column][block_title title=\u00bbServicios de Traducci\u00f3n\u00bb][\/block_title][vc_column_text]Translation Solutions S.A. ofrece una amplia gama de servicios que su empresa pueda necesitar al solicitar un trabajo de traducci\u00f3n. Translation Solutions S.A. se ha ocupado de las siguientes \u00e1reas de servicios: Lenguaje, edici\u00f3n electr\u00f3nica y multimedia. Translation Solutions S.A. invierte su energ\u00eda y recursos en el desarrollo de un centro de [&hellip;]","og_url":"https:\/\/www.translationsolutions.com.ar\/es\/servicios-de-traduccion\/","og_site_name":"Translation Solutions S.A.","article_modified_time":"2017-06-09T06:56:41+00:00","twitter_card":"summary_large_image","twitter_misc":{"Tiempo de lectura":"4 minutos"},"schema":{"@context":"https:\/\/schema.org","@graph":[{"@type":"WebPage","@id":"https:\/\/www.translationsolutions.com.ar\/es\/servicios-de-traduccion\/","url":"https:\/\/www.translationsolutions.com.ar\/es\/servicios-de-traduccion\/","name":"Servicios de Traducci\u00f3n - Translation Solutions S.A.","isPartOf":{"@id":"https:\/\/www.translationsolutions.com.ar\/es\/#website"},"datePublished":"2014-08-20T14:36:33+00:00","dateModified":"2017-06-09T06:56:41+00:00","breadcrumb":{"@id":"https:\/\/www.translationsolutions.com.ar\/es\/servicios-de-traduccion\/#breadcrumb"},"inLanguage":"es","potentialAction":[{"@type":"ReadAction","target":["https:\/\/www.translationsolutions.com.ar\/es\/servicios-de-traduccion\/"]}]},{"@type":"BreadcrumbList","@id":"https:\/\/www.translationsolutions.com.ar\/es\/servicios-de-traduccion\/#breadcrumb","itemListElement":[{"@type":"ListItem","position":1,"name":"Portada","item":"https:\/\/www.translationsolutions.com.ar\/es\/"},{"@type":"ListItem","position":2,"name":"Servicios de Traducci\u00f3n"}]},{"@type":"WebSite","@id":"https:\/\/www.translationsolutions.com.ar\/es\/#website","url":"https:\/\/www.translationsolutions.com.ar\/es\/","name":"Translation Solutions S.A.","description":"","potentialAction":[{"@type":"SearchAction","target":{"@type":"EntryPoint","urlTemplate":"https:\/\/www.translationsolutions.com.ar\/es\/?s={search_term_string}"},"query-input":"required name=search_term_string"}],"inLanguage":"es"}]}},"jetpack_sharing_enabled":true,"jetpack_shortlink":"https:\/\/wp.me\/P8OuA5-bb","_links":{"self":[{"href":"https:\/\/www.translationsolutions.com.ar\/es\/wp-json\/wp\/v2\/pages\/693","targetHints":{"allow":["GET"]}}],"collection":[{"href":"https:\/\/www.translationsolutions.com.ar\/es\/wp-json\/wp\/v2\/pages"}],"about":[{"href":"https:\/\/www.translationsolutions.com.ar\/es\/wp-json\/wp\/v2\/types\/page"}],"author":[{"embeddable":true,"href":"https:\/\/www.translationsolutions.com.ar\/es\/wp-json\/wp\/v2\/users\/2"}],"replies":[{"embeddable":true,"href":"https:\/\/www.translationsolutions.com.ar\/es\/wp-json\/wp\/v2\/comments?post=693"}],"version-history":[{"count":0,"href":"https:\/\/www.translationsolutions.com.ar\/es\/wp-json\/wp\/v2\/pages\/693\/revisions"}],"wp:attachment":[{"href":"https:\/\/www.translationsolutions.com.ar\/es\/wp-json\/wp\/v2\/media?parent=693"}],"curies":[{"name":"wp","href":"https:\/\/api.w.org\/{rel}","templated":true}]}}